{"id":588,"date":"2026-04-11T21:00:09","date_gmt":"2026-04-11T21:00:09","guid":{"rendered":"https:\/\/dhinofanhela.co.mz\/?page_id=588"},"modified":"2026-04-12T14:52:49","modified_gmt":"2026-04-12T14:52:49","slug":"vozes","status":"publish","type":"page","link":"https:\/\/dhinofanhela.co.mz\/index.php\/vozes\/","title":{"rendered":"Hist\u00f3rias"},"content":{"rendered":"\t\t<div data-elementor-type=\"wp-page\" data-elementor-id=\"588\" class=\"elementor elementor-588\">\n\t\t\t\t<div class=\"elementor-element elementor-element-8ce4039 e-flex e-con-boxed e-con e-parent\" data-id=\"8ce4039\" data-element_type=\"container\" data-e-type=\"container\" data-settings=\"{&quot;background_background&quot;:&quot;classic&quot;}\">\n\t\t\t\t\t<div class=\"e-con-inner\">\n\t\t\t\t<div class=\"elementor-element elementor-element-0d585e5 elementor-widget elementor-widget-text-editor\" data-id=\"0d585e5\" data-element_type=\"widget\" data-e-type=\"widget\" data-widget_type=\"text-editor.default\">\n\t\t\t\t\t\t\t\t\t<h3><strong>Vozes e Hist\u00f3rias<\/strong><\/h3>\t\t\t\t\t\t\t\t<\/div>\n\t\t\t\t\t<\/div>\n\t\t\t\t<\/div>\n\t\t<div class=\"elementor-element elementor-element-5a2c493 e-flex e-con-boxed e-con e-parent\" data-id=\"5a2c493\" data-element_type=\"container\" data-e-type=\"container\" data-settings=\"{&quot;background_background&quot;:&quot;classic&quot;}\">\n\t\t\t\t\t<div class=\"e-con-inner\">\n\t\t\t\t<div class=\"elementor-element elementor-element-71a68f7 elementor-widget elementor-widget-text-editor\" data-id=\"71a68f7\" data-element_type=\"widget\" data-e-type=\"widget\" data-widget_type=\"text-editor.default\">\n\t\t\t\t\t\t\t\t\t<p>Este \u00e9 um espa\u00e7o seguro, de escuta e partilha.<\/p>\n<p>Aqui, hist\u00f3rias reais ganham voz. E n\u00f3s abra\u00e7amos todas elas: hist\u00f3rias de for\u00e7a, de dor, de recome\u00e7o e de coragem.<\/p>\n<p>Acreditamos que cada experi\u00eancia partilhada tem poder. Poder de tocar, de abrir caminhos e de criar mudan\u00e7a. Cremos que quando uma mulher fala, muitas outras se reconhecem.<\/p>\n<p>Este espa\u00e7o \u00e9 preenchido por vozes que inspiram, que questionam e que transformam.<\/p>\n<p>Se tens uma hist\u00f3ria para partilhar, este espa\u00e7o tamb\u00e9m&nbsp; \u00e9 teu.<\/p><p><br><\/p>\t\t\t\t\t\t\t\t<\/div>\n\t\t\t\t<div class=\"elementor-element elementor-element-1099d25 elementor-widget elementor-widget-button\" data-id=\"1099d25\" data-element_type=\"widget\" data-e-type=\"widget\" data-widget_type=\"button.default\">\n\t\t\t\t\t\t\t\t\t\t<a class=\"elementor-button elementor-button-link elementor-size-sm\" href=\"https:\/\/dhinofanhela.co.mz\/index.php\/partilhar-historia\/\">\n\t\t\t\t\t\t<span class=\"elementor-button-content-wrapper\">\n\t\t\t\t\t\t\t\t\t<span class=\"elementor-button-text\">Partilhar hist\u00f3ria<\/span>\n\t\t\t\t\t<\/span>\n\t\t\t\t\t<\/a>\n\t\t\t\t\t\t\t\t<\/div>\n\t\t\t\t\t<\/div>\n\t\t\t\t<\/div>\n\t\t\t\t<\/div>\n\t\t","protected":false},"excerpt":{"rendered":"<p>Vozes e Hist\u00f3rias Este \u00e9 um espa\u00e7o seguro, de escuta e partilha. Aqui, hist\u00f3rias reais ganham voz. E n\u00f3s abra\u00e7amos [&hellip;]<\/p>\n","protected":false},"author":1,"featured_media":0,"parent":0,"menu_order":0,"comment_status":"closed","ping_status":"closed","template":"","meta":{"_eb_attr":"","site-sidebar-layout":"no-sidebar","site-content-layout":"","ast-site-content-layout":"full-width-container","site-content-style":"default","site-sidebar-style":"default","ast-global-header-display":"","ast-banner-title-visibility":"","ast-main-header-display":"","ast-hfb-above-header-display":"","ast-hfb-below-header-display":"","ast-hfb-mobile-header-display":"","site-post-title":"","ast-breadcrumbs-content":"","ast-featured-img":"disabled","footer-sml-layout":"","ast-disable-related-posts":"","theme-transparent-header-meta":"","adv-header-id-meta":"","stick-header-meta":"","header-above-stick-meta":"","header-main-stick-meta":"","header-below-stick-meta":"","astra-migrate-meta-layouts":"default","ast-page-background-enabled":"default","ast-page-background-meta":{"desktop":{"background-color":"var(--ast-global-color-5)","background-image":"","background-repeat":"repeat","background-position":"center center","background-size":"auto","background-attachment":"scroll","background-type":"","background-media":"","overlay-type":"","overlay-color":"","overlay-opacity":"","overlay-gradient":""},"tablet":{"background-color":"","background-image":"","background-repeat":"repeat","background-position":"center center","background-size":"auto","background-attachment":"scroll","background-type":"","background-media":"","overlay-type":"","overlay-color":"","overlay-opacity":"","overlay-gradient":""},"mobile":{"background-color":"","background-image":"","background-repeat":"repeat","background-position":"center center","background-size":"auto","background-attachment":"scroll","background-type":"","background-media":"","overlay-type":"","overlay-color":"","overlay-opacity":"","overlay-gradient":""}},"ast-content-background-meta":{"desktop":{"background-color":"var(--ast-global-color-4)","background-image":"","background-repeat":"repeat","background-position":"center center","background-size":"auto","background-attachment":"scroll","background-type":"","background-media":"","overlay-type":"","overlay-color":"","overlay-opacity":"","overlay-gradient":""},"tablet":{"background-color":"var(--ast-global-color-4)","background-image":"","background-repeat":"repeat","background-position":"center center","background-size":"auto","background-attachment":"scroll","background-type":"","background-media":"","overlay-type":"","overlay-color":"","overlay-opacity":"","overlay-gradient":""},"mobile":{"background-color":"var(--ast-global-color-4)","background-image":"","background-repeat":"repeat","background-position":"center center","background-size":"auto","background-attachment":"scroll","background-type":"","background-media":"","overlay-type":"","overlay-color":"","overlay-opacity":"","overlay-gradient":""}},"footnotes":""},"class_list":["post-588","page","type-page","status-publish","hentry"],"_links":{"self":[{"href":"https:\/\/dhinofanhela.co.mz\/index.php\/wp-json\/wp\/v2\/pages\/588","targetHints":{"allow":["GET"]}}],"collection":[{"href":"https:\/\/dhinofanhela.co.mz\/index.php\/wp-json\/wp\/v2\/pages"}],"about":[{"href":"https:\/\/dhinofanhela.co.mz\/index.php\/wp-json\/wp\/v2\/types\/page"}],"author":[{"embeddable":true,"href":"https:\/\/dhinofanhela.co.mz\/index.php\/wp-json\/wp\/v2\/users\/1"}],"replies":[{"embeddable":true,"href":"https:\/\/dhinofanhela.co.mz\/index.php\/wp-json\/wp\/v2\/comments?post=588"}],"version-history":[{"count":28,"href":"https:\/\/dhinofanhela.co.mz\/index.php\/wp-json\/wp\/v2\/pages\/588\/revisions"}],"predecessor-version":[{"id":660,"href":"https:\/\/dhinofanhela.co.mz\/index.php\/wp-json\/wp\/v2\/pages\/588\/revisions\/660"}],"wp:attachment":[{"href":"https:\/\/dhinofanhela.co.mz\/index.php\/wp-json\/wp\/v2\/media?parent=588"}],"curies":[{"name":"wp","href":"https:\/\/api.w.org\/{rel}","templated":true}]}}